{"id":2,"date":"2023-01-20T09:00:17","date_gmt":"2023-01-20T08:00:17","guid":{"rendered":"https:\/\/spproust.com\/?page_id=2"},"modified":"2023-01-20T09:40:23","modified_gmt":"2023-01-20T08:40:23","slug":"page-d-exemple","status":"publish","type":"page","link":"https:\/\/spproust.com\/index.php\/page-d-exemple\/","title":{"rendered":"La vie en handicap"},"content":{"rendered":"\n<p>Depuis 2011, j&rsquo;ai du arr\u00eater de travailler \u00e0 cause de mes probl\u00e8mes de sant\u00e9.<\/p>\n\n\n\n<p>Pendant quelques ann\u00e9es, je pouvais marcher et j&rsquo;en avais profit\u00e9 pour aller dans les mus\u00e9es, dans les cin\u00e9mas et \u00e0 Disneyland Paris<\/p>\n\n\n\n<p>Depuis 2016, je ne peux plus marcher, et ensuite, ma main gauche ne fonctionne pas.<\/p>\n\n\n\n<p>L&rsquo;assurance maladie a reconnue mon \u00e9tat d&rsquo;invalidit\u00e9 en cat\u00e9gorie 3 depuis le 1er janvier 2022, cela prouve que j&rsquo;ai besoin d&rsquo;aide pour la vie quotidienne<\/p>\n","protected":false},"excerpt":{"rendered":"<p>Depuis 2011, j&rsquo;ai du arr\u00eater de travailler \u00e0 cause de mes probl\u00e8mes de sant\u00e9. Pendant quelques ann\u00e9es, je pouvais marcher et j&rsquo;en avais profit\u00e9 pour aller dans les mus\u00e9es, dans les cin\u00e9mas et \u00e0 Disneyland Paris Depuis 2016, je ne peux plus marcher, et ensuite, ma main gauche ne fonctionne pas. L&rsquo;assurance maladie a reconnue [&hellip;]<\/p>\n","protected":false},"author":1,"featured_media":0,"parent":0,"menu_order":0,"comment_status":"closed","ping_status":"open","template":"","meta":{"footnotes":""},"class_list":["post-2","page","type-page","status-publish","hentry"],"_links":{"self":[{"href":"https:\/\/spproust.com\/index.php\/wp-json\/wp\/v2\/pages\/2","targetHints":{"allow":["GET"]}}],"collection":[{"href":"https:\/\/spproust.com\/index.php\/wp-json\/wp\/v2\/pages"}],"about":[{"href":"https:\/\/spproust.com\/index.php\/wp-json\/wp\/v2\/types\/page"}],"author":[{"embeddable":true,"href":"https:\/\/spproust.com\/index.php\/wp-json\/wp\/v2\/users\/1"}],"replies":[{"embeddable":true,"href":"https:\/\/spproust.com\/index.php\/wp-json\/wp\/v2\/comments?post=2"}],"version-history":[{"count":1,"href":"https:\/\/spproust.com\/index.php\/wp-json\/wp\/v2\/pages\/2\/revisions"}],"predecessor-version":[{"id":8,"href":"https:\/\/spproust.com\/index.php\/wp-json\/wp\/v2\/pages\/2\/revisions\/8"}],"wp:attachment":[{"href":"https:\/\/spproust.com\/index.php\/wp-json\/wp\/v2\/media?parent=2"}],"curies":[{"name":"wp","href":"https:\/\/api.w.org\/{rel}","templated":true}]}}